{"id":2,"date":"2017-05-22T12:00:21","date_gmt":"2017-05-22T12:00:21","guid":{"rendered":"http:\/\/ifanos.de\/?page_id=2"},"modified":"2020-04-30T05:12:22","modified_gmt":"2020-04-30T05:12:22","slug":"sample-page","status":"publish","type":"page","link":"https:\/\/ifanos.de\/","title":{"rendered":"ifanos"},"content":{"rendered":"<p><strong>Seit 1986 erfolgreich in den Bereichen Naturschutz, Landschaftsplanung und Landschafts\u00f6kologie t\u00e4tig.<br \/>\n<\/strong><\/p>\n<p><strong>Am 1. Januar 2001 hat sich ifanos in voneinander organisatorisch, wirtschaftlich und steuerlich unabh\u00e4ngige freiberuflich Selbst\u00e4ndige unter folgenden Bezeichnungen<\/strong> <strong>aufgeteilt:<\/strong><\/p>\n<p><a href=\"http:\/\/landschaftsoekologie.ifanos.de\/\"><strong>ifanos lanoek<\/strong><\/a><\/p>\n<ul>\n<li>Dr. Gudrun M\u00fchlhofer (+49 911 92 90 56 13)<\/li>\n<\/ul>\n<p><strong><a href=\"http:\/\/www.ifanos-wasser.de\/\">ifanos WASSER &amp; Landschaft <\/a><\/strong><\/p>\n<ul>\n<li>Maria Hahner &amp; Partner (+49 911 94 02 03 91)<\/li>\n<\/ul>\n<p><strong>ifanos Natur &amp; Landschaft<\/strong><\/p>\n<ul>\n<li>Dr. Hagen Fischer (+49 9195 92 44 63)<\/li>\n<li>Dr. Barbara Michler (+49 9195 92 44 63)<\/li>\n<\/ul>\n<p><strong><a href=\"http:\/\/www.ifanos-planung.de\/index.htm\">ifanos Planung<\/a><\/strong><\/p>\n<ul>\n<li>Klaus Demuth (Dipl.-Biol.)<\/li>\n<\/ul>\n<p><strong><a href=\"http:\/\/www.ifanos-concept.eu\/\">ifanos concept &amp; planung<\/a><\/strong><\/p>\n<p>B\u00fcrogemeinschaft<\/p>\n<ul>\n<li>Florian Bemmerlein-Lux (Dipl.-Biol.)<\/li>\n<li>Peter Bank (Dipl.-Biol.)<\/li>\n<li>Dr. J\u00fcrgen B\u00f6hmer<\/li>\n<\/ul>\n","protected":false},"excerpt":{"rendered":"<p>Seit 1986 erfolgreich in den Bereichen Naturschutz, Landschaftsplanung und Landschafts\u00f6kologie t\u00e4tig. Am 1. Januar 2001 hat sich ifanos in voneinander organisatorisch, wirtschaftlich und steuerlich unabh\u00e4ngige<\/p>\n","protected":false},"author":1,"featured_media":0,"parent":0,"menu_order":0,"comment_status":"closed","ping_status":"open","template":"","meta":{"footnotes":""},"class_list":["post-2","page","type-page","status-publish","hentry"],"_links":{"self":[{"href":"https:\/\/ifanos.de\/index.php?rest_route=\/wp\/v2\/pages\/2","targetHints":{"allow":["GET"]}}],"collection":[{"href":"https:\/\/ifanos.de\/index.php?rest_route=\/wp\/v2\/pages"}],"about":[{"href":"https:\/\/ifanos.de\/index.php?rest_route=\/wp\/v2\/types\/page"}],"author":[{"embeddable":true,"href":"https:\/\/ifanos.de\/index.php?rest_route=\/wp\/v2\/users\/1"}],"replies":[{"embeddable":true,"href":"https:\/\/ifanos.de\/index.php?rest_route=%2Fwp%2Fv2%2Fcomments&post=2"}],"version-history":[{"count":14,"href":"https:\/\/ifanos.de\/index.php?rest_route=\/wp\/v2\/pages\/2\/revisions"}],"predecessor-version":[{"id":60,"href":"https:\/\/ifanos.de\/index.php?rest_route=\/wp\/v2\/pages\/2\/revisions\/60"}],"wp:attachment":[{"href":"https:\/\/ifanos.de\/index.php?rest_route=%2Fwp%2Fv2%2Fmedia&parent=2"}],"curies":[{"name":"wp","href":"https:\/\/api.w.org\/{rel}","templated":true}]}}